{"id":112,"date":"2019-09-25T13:18:07","date_gmt":"2019-09-25T13:18:07","guid":{"rendered":"http:\/\/wp.kernkosmetik.de\/?page_id=112"},"modified":"2019-09-25T20:28:44","modified_gmt":"2019-09-25T20:28:44","slug":"willkommen","status":"publish","type":"page","link":"https:\/\/kernkosmetik.de\/","title":{"rendered":"Willkommen!"},"content":{"rendered":"\n<p>\u00bbAbschalten, innehalten, den Alltag hinter sich lassen \u2026\u00ab<br>Da wir immer weniger Zeit haben, m\u00fcssen wir lernen aktiv zu entspannen. G\u00f6nnen Sie sich Ihre ganz pers\u00f6nliche Auszeit und lassen Sie sich verw\u00f6hnen. Die pflegenden An\u00ad\u00ad\u00adwendungen harmonisieren K\u00f6rper, Geist und Seele.<br>Auch in Zukunft k\u00f6nnen Sie sich auf eine pers\u00f6nliche Beratung und ganzheitliche individuelle Behandlungskonzepte verlassen. <br>Die Haut ist der Spiegel Ihrer Seele, \u00fcber die ich Sie als Ganzheit ansprechen, harmonisieren und st\u00e4rken kann. <br><br>\u00bbDer Mensch brauch zwei Sch\u00f6nheiten:<br>Eine innere &amp; eine \u00e4u\u00dfere.\u00ab<\/p>\n","protected":false},"excerpt":{"rendered":"<p>\u00bbAbschalten, innehalten, den Alltag hinter sich lassen \u2026\u00abDa wir immer weniger Zeit haben, m\u00fcssen wir lernen aktiv zu entspannen. G\u00f6nnen Sie sich Ihre&hellip;<\/p>\n","protected":false},"author":1,"featured_media":0,"parent":0,"menu_order":0,"comment_status":"closed","ping_status":"closed","template":"page-templates\/full-width_start.php","meta":{"footnotes":""},"class_list":["post-112","page","type-page","status-publish","hentry"],"_links":{"self":[{"href":"https:\/\/kernkosmetik.de\/index.php?rest_route=\/wp\/v2\/pages\/112","targetHints":{"allow":["GET"]}}],"collection":[{"href":"https:\/\/kernkosmetik.de\/index.php?rest_route=\/wp\/v2\/pages"}],"about":[{"href":"https:\/\/kernkosmetik.de\/index.php?rest_route=\/wp\/v2\/types\/page"}],"author":[{"embeddable":true,"href":"https:\/\/kernkosmetik.de\/index.php?rest_route=\/wp\/v2\/users\/1"}],"replies":[{"embeddable":true,"href":"https:\/\/kernkosmetik.de\/index.php?rest_route=%2Fwp%2Fv2%2Fcomments&post=112"}],"version-history":[{"count":3,"href":"https:\/\/kernkosmetik.de\/index.php?rest_route=\/wp\/v2\/pages\/112\/revisions"}],"predecessor-version":[{"id":146,"href":"https:\/\/kernkosmetik.de\/index.php?rest_route=\/wp\/v2\/pages\/112\/revisions\/146"}],"wp:attachment":[{"href":"https:\/\/kernkosmetik.de\/index.php?rest_route=%2Fwp%2Fv2%2Fmedia&parent=112"}],"curies":[{"name":"wp","href":"https:\/\/api.w.org\/{rel}","templated":true}]}}