{"id":242,"date":"2019-10-07T15:41:54","date_gmt":"2019-10-07T15:41:54","guid":{"rendered":"http:\/\/wp.kernkosmetik.de\/?page_id=242"},"modified":"2023-03-07T20:37:22","modified_gmt":"2023-03-07T20:37:22","slug":"ayurasan","status":"publish","type":"page","link":"https:\/\/kernkosmetik.de\/?page_id=242","title":{"rendered":"Ayurasan"},"content":{"rendered":"\n<div class=\"wp-block-image\"><figure class=\"alignleft size-thumbnail\"><img loading=\"lazy\" decoding=\"async\" width=\"150\" height=\"150\" src=\"https:\/\/kernkosmetik.de\/wp-content\/uploads\/2023\/03\/kern_10-150x150.jpg\" alt=\"\" class=\"wp-image-304\" srcset=\"https:\/\/kernkosmetik.de\/wp-content\/uploads\/2023\/03\/kern_10-150x150.jpg 150w, https:\/\/kernkosmetik.de\/wp-content\/uploads\/2023\/03\/kern_10-300x300.jpg 300w, https:\/\/kernkosmetik.de\/wp-content\/uploads\/2023\/03\/kern_10.jpg 1024w, https:\/\/kernkosmetik.de\/wp-content\/uploads\/2023\/03\/kern_10-768x768.jpg 768w, https:\/\/kernkosmetik.de\/wp-content\/uploads\/2023\/03\/kern_10-690x690.jpg 690w\" sizes=\"auto, (max-width: 150px) 100vw, 150px\" \/><\/figure><\/div>\n\n\n\n<p>Die Methode Ayurasan\u00ae verbindet die ganzheitliche Philosophie von Gertraud Gruber Kosmetik mit der indischen Lehre langen ge\u00adsun\u00adden Lebens \u203aAyurveda\u2039 zu einer Be\u00adhand\u00adlung von Haar- bis zu den Fu\u00dfspitzen, welche Ihr Gesicht und Ihren K\u00f6rper verw\u00f6hnt. Begonnen wird mit dem \u00bbGarshan\u00ab, einer Trockenmassage mit einem Handschuh aus Rohseide. Dies macht die Haut aufnahmef\u00e4hig f\u00fcr hochwertige \u00e4the\u00ad\u00ad\u00adri\u00adscher \u00d6le und Pflanzenwirkstoffe. Eine Wohltat f\u00fcr Haut und Seele, da durch die sanfte \u00d6l-Massage, nach ayurvedischem Vorbild, der Alltag in weite Ferne und die innere Balance in greifbare N\u00e4he r\u00fcckt.<br><br><strong>Licht &amp; Farbe<\/strong><br>Zu jeder Behandlung schalte ich unterst\u00fctzend ein Farblichtger\u00e4t ein. Der Frequenzbereich liegt bei 750 nm (Rosa) bis 410 nm (Indigo). Durch die Schwingung der Farbe k\u00f6nnen wir entweder eine anregende oder eine beruhigende und harmonisierende Wirkung im k\u00f6rperlich, geistigen und auch im seelischen Befinden erzielen. Farblichtbestrahlungen stimulieren unseren Stoffwechsel, den Hormonhaushalt, aktivieren die Blutbildung und wirken auf das autonome Nervensystem.<br><br><strong>verwendete Naturkosmetik<\/strong><br>Gertraud Gruber Kosmetik stellt Naturkosmetik g\u00e4nzlich ohne oder mit gerade so wenig Konservierung wie n\u00f6tig her. Diese Kosmetik steht in v\u00f6lliger Harmonie mit der Haut und versorgt sie genau mit jenen Wirkstoffen, die die Natur selbst f\u00fcr die Pflege der Haut vorgesehen hat.<br><br>Dauer: ca. 90 Minuten<br><br>Sie k\u00f6nnen diese Anwendung durch die Kombination mit <a href=\"http:\/\/wp.kernkosmetik.de\/?page_id=147\">Zusatzleistungen<\/a> individualisieren. <\/p>\n","protected":false},"excerpt":{"rendered":"<p>Die Methode Ayurasan\u00ae verbindet die ganzheitliche Philosophie von Gertraud Gruber Kosmetik mit der indischen Lehre langen ge\u00adsun\u00adden Lebens \u203aAyurveda\u2039 zu einer Be\u00adhand\u00adlung von&hellip;<\/p>\n","protected":false},"author":1,"featured_media":304,"parent":239,"menu_order":0,"comment_status":"closed","ping_status":"closed","template":"page-templates\/full-width-no-img.php","meta":{"footnotes":""},"class_list":["post-242","page","type-page","status-publish","has-post-thumbnail","hentry"],"_links":{"self":[{"href":"https:\/\/kernkosmetik.de\/index.php?rest_route=\/wp\/v2\/pages\/242","targetHints":{"allow":["GET"]}}],"collection":[{"href":"https:\/\/kernkosmetik.de\/index.php?rest_route=\/wp\/v2\/pages"}],"about":[{"href":"https:\/\/kernkosmetik.de\/index.php?rest_route=\/wp\/v2\/types\/page"}],"author":[{"embeddable":true,"href":"https:\/\/kernkosmetik.de\/index.php?rest_route=\/wp\/v2\/users\/1"}],"replies":[{"embeddable":true,"href":"https:\/\/kernkosmetik.de\/index.php?rest_route=%2Fwp%2Fv2%2Fcomments&post=242"}],"version-history":[{"count":5,"href":"https:\/\/kernkosmetik.de\/index.php?rest_route=\/wp\/v2\/pages\/242\/revisions"}],"predecessor-version":[{"id":319,"href":"https:\/\/kernkosmetik.de\/index.php?rest_route=\/wp\/v2\/pages\/242\/revisions\/319"}],"up":[{"embeddable":true,"href":"https:\/\/kernkosmetik.de\/index.php?rest_route=\/wp\/v2\/pages\/239"}],"wp:featuredmedia":[{"embeddable":true,"href":"https:\/\/kernkosmetik.de\/index.php?rest_route=\/wp\/v2\/media\/304"}],"wp:attachment":[{"href":"https:\/\/kernkosmetik.de\/index.php?rest_route=%2Fwp%2Fv2%2Fmedia&parent=242"}],"curies":[{"name":"wp","href":"https:\/\/api.w.org\/{rel}","templated":true}]}}