{"id":249,"date":"2019-10-07T15:45:14","date_gmt":"2019-10-07T15:45:14","guid":{"rendered":"http:\/\/wp.kernkosmetik.de\/?page_id=249"},"modified":"2023-03-07T20:39:14","modified_gmt":"2023-03-07T20:39:14","slug":"klangschalen","status":"publish","type":"page","link":"https:\/\/kernkosmetik.de\/?page_id=249","title":{"rendered":"Klangschalen"},"content":{"rendered":"\n<div class=\"wp-block-image\"><figure class=\"alignleft size-thumbnail\"><img loading=\"lazy\" decoding=\"async\" width=\"150\" height=\"150\" src=\"https:\/\/kernkosmetik.de\/wp-content\/uploads\/2023\/03\/kern_12-150x150.jpg\" alt=\"\" class=\"wp-image-307\" srcset=\"https:\/\/kernkosmetik.de\/wp-content\/uploads\/2023\/03\/kern_12-150x150.jpg 150w, https:\/\/kernkosmetik.de\/wp-content\/uploads\/2023\/03\/kern_12-300x300.jpg 300w, https:\/\/kernkosmetik.de\/wp-content\/uploads\/2023\/03\/kern_12.jpg 1024w, https:\/\/kernkosmetik.de\/wp-content\/uploads\/2023\/03\/kern_12-768x768.jpg 768w, https:\/\/kernkosmetik.de\/wp-content\/uploads\/2023\/03\/kern_12-690x690.jpg 690w\" sizes=\"auto, (max-width: 150px) 100vw, 150px\" \/><\/figure><\/div>\n\n\n\n<p>Durch ihre Vielfalt an obertonreichen Kl\u00e4ngen versetzen Therapieklangschalen (Peter Hess) den K\u00f6rper in Schwingung und wirken so harmonisierend.<br>Kl\u00e4nge wecken unser Urvertrauen und f\u00fchren uns schnell in einen tiefen Entspannungszustand. In dieser umfassenden Entspannung k\u00f6nnen sich Verspan\u00adnungen und Blockaden l\u00f6sen. Alle K\u00f6rperzellen kommen in uns zum Schwingen und werden sanft massiert. Die Klangmassage wirkt ganz\u00ad\u00ad\u00adheitlich: K\u00f6rper, Geist und Seele kom\u00admen in \u00bbEinklang\u00ab.<br><br>Dauer: ca. 30 oder 60 Minuten<br><br>Sie k\u00f6nnen die Klangschalenmassage auch mit anderen Anwendungen oder <a href=\"http:\/\/wp.kernkosmetik.de\/?page_id=147\">Zusatzleistungen<\/a> kombinieren.<\/p>\n","protected":false},"excerpt":{"rendered":"<p>Durch ihre Vielfalt an obertonreichen Kl\u00e4ngen versetzen Therapieklangschalen (Peter Hess) den K\u00f6rper in Schwingung und wirken so harmonisierend.Kl\u00e4nge wecken unser Urvertrauen und f\u00fchren&hellip;<\/p>\n","protected":false},"author":1,"featured_media":307,"parent":239,"menu_order":0,"comment_status":"closed","ping_status":"closed","template":"page-templates\/full-width-no-img.php","meta":{"footnotes":""},"class_list":["post-249","page","type-page","status-publish","has-post-thumbnail","hentry"],"_links":{"self":[{"href":"https:\/\/kernkosmetik.de\/index.php?rest_route=\/wp\/v2\/pages\/249","targetHints":{"allow":["GET"]}}],"collection":[{"href":"https:\/\/kernkosmetik.de\/index.php?rest_route=\/wp\/v2\/pages"}],"about":[{"href":"https:\/\/kernkosmetik.de\/index.php?rest_route=\/wp\/v2\/types\/page"}],"author":[{"embeddable":true,"href":"https:\/\/kernkosmetik.de\/index.php?rest_route=\/wp\/v2\/users\/1"}],"replies":[{"embeddable":true,"href":"https:\/\/kernkosmetik.de\/index.php?rest_route=%2Fwp%2Fv2%2Fcomments&post=249"}],"version-history":[{"count":6,"href":"https:\/\/kernkosmetik.de\/index.php?rest_route=\/wp\/v2\/pages\/249\/revisions"}],"predecessor-version":[{"id":322,"href":"https:\/\/kernkosmetik.de\/index.php?rest_route=\/wp\/v2\/pages\/249\/revisions\/322"}],"up":[{"embeddable":true,"href":"https:\/\/kernkosmetik.de\/index.php?rest_route=\/wp\/v2\/pages\/239"}],"wp:featuredmedia":[{"embeddable":true,"href":"https:\/\/kernkosmetik.de\/index.php?rest_route=\/wp\/v2\/media\/307"}],"wp:attachment":[{"href":"https:\/\/kernkosmetik.de\/index.php?rest_route=%2Fwp%2Fv2%2Fmedia&parent=249"}],"curies":[{"name":"wp","href":"https:\/\/api.w.org\/{rel}","templated":true}]}}